{"id":317,"date":"2023-03-30T10:39:07","date_gmt":"2023-03-30T08:39:07","guid":{"rendered":"https:\/\/blanki.agrofortis.pl\/?page_id=317"},"modified":"2023-03-30T10:41:42","modified_gmt":"2023-03-30T08:41:42","slug":"blog","status":"publish","type":"page","link":"https:\/\/blanki.agrofortis.pl\/index.php\/blog\/","title":{"rendered":"Blog"},"content":{"rendered":"\t\t<div data-elementor-type=\"wp-page\" data-elementor-id=\"317\" class=\"elementor elementor-317\">\n\t\t\t\t\t\t\t\t\t<section class=\"elementor-section elementor-top-section elementor-element elementor-element-256ceca2 elementor-section-boxed elementor-section-height-default elementor-section-height-default wpr-particle-no wpr-jarallax-no wpr-parallax-no wpr-sticky-section-no\" data-id=\"256ceca2\" data-element_type=\"section\">\n\t\t\t\t\t\t<div class=\"elementor-container elementor-column-gap-default\">\n\t\t\t\t\t<div class=\"elementor-column elementor-col-100 elementor-top-column elementor-element elementor-element-75b5ddad\" data-id=\"75b5ddad\" data-element_type=\"column\">\n\t\t\t<div class=\"elementor-widget-wrap elementor-element-populated\">\n\t\t\t\t\t\t\t\t<div class=\"elementor-element elementor-element-6425adc4 wpr-grid-columns-3 wpr-grid-columns--tablet2 wpr-grid-columns--mobile1 wpr-grid-pagination-center elementor-widget elementor-widget-wpr-grid\" data-id=\"6425adc4\" data-element_type=\"widget\" data-widget_type=\"wpr-grid.default\">\n\t\t\t\t<div class=\"elementor-widget-container\">\n\t\t\t<ul class=\"wpr-grid-filters elementor-clearfix wpr-grid-filters-sep-right\"><\/ul><section class=\"wpr-grid elementor-clearfix\" data-settings=\"{&quot;layout&quot;:&quot;fitRows&quot;,&quot;columns_desktop&quot;:&quot;3&quot;,&quot;gutter_hr&quot;:15,&quot;gutter_vr&quot;:15,&quot;animation&quot;:&quot;default&quot;,&quot;animation_duration&quot;:0.3,&quot;animation_delay&quot;:0.1,&quot;deeplinking&quot;:&quot;&quot;,&quot;filters_linkable&quot;:&quot;no&quot;,&quot;filters_default_filter&quot;:&quot;&quot;,&quot;filters_count&quot;:&quot;&quot;,&quot;filters_hide_empty&quot;:&quot;no&quot;,&quot;filters_animation&quot;:&quot;default&quot;,&quot;filters_animation_duration&quot;:0.3,&quot;filters_animation_delay&quot;:0.1,&quot;pagination_type&quot;:&quot;load-more&quot;,&quot;pagination_max_pages&quot;:5,&quot;lightbox&quot;:{&quot;selector&quot;:&quot;.wpr-grid-image-wrap&quot;,&quot;iframeMaxWidth&quot;:&quot;60%&quot;,&quot;hash&quot;:false,&quot;autoplay&quot;:&quot;true&quot;,&quot;pause&quot;:5000,&quot;progressBar&quot;:&quot;true&quot;,&quot;counter&quot;:&quot;true&quot;,&quot;controls&quot;:&quot;true&quot;,&quot;getCaptionFromTitleOrAlt&quot;:&quot;true&quot;,&quot;thumbnail&quot;:&quot;&quot;,&quot;showThumbByDefault&quot;:&quot;&quot;,&quot;share&quot;:&quot;&quot;,&quot;zoom&quot;:&quot;true&quot;,&quot;fullScreen&quot;:&quot;true&quot;,&quot;download&quot;:&quot;true&quot;}}\"><article class=\"wpr-grid-item elementor-clearfix post-439 post type-post status-publish format-standard has-post-thumbnail hentry category-bez-kategorii\"><div class=\"wpr-grid-item-inner\"><div class=\"wpr-grid-media-wrap wpr-effect-size-medium \" data-overlay-link=\"yes\"><div class=\"wpr-grid-image-wrap\" data-src=\"https:\/\/blanki.agrofortis.pl\/wp-content\/uploads\/2023\/06\/Kopia-CZY-WARTO-INWESTOWAC-W-ZIEMIE-1000-x-300-px-14.png\"><img decoding=\"async\" src=\"https:\/\/blanki.agrofortis.pl\/wp-content\/uploads\/2023\/06\/Kopia-CZY-WARTO-INWESTOWAC-W-ZIEMIE-1000-x-300-px-14.png\" alt=\"Warmi\u0144skie przysmaki\" class=\"wpr-anim-timing-ease-default\"><\/div><div class=\"wpr-grid-media-hover wpr-animation-wrap\"><div class=\"wpr-grid-media-hover-bg  wpr-overlay-fade-in wpr-anim-size-large wpr-anim-timing-ease-default wpr-anim-transparency\" data-url=\"https:\/\/blanki.agrofortis.pl\/index.php\/2023\/06\/26\/warminskie-przysmaki\/\"><\/div><\/div><\/div><div class=\"wpr-grid-item-below-content elementor-clearfix\"><h2 class=\"wpr-grid-item-title elementor-repeater-item-4684c5b wpr-grid-item-display-block wpr-grid-item-align-left wpr-pointer-none wpr-pointer-line-fx wpr-pointer-fx-fade\"><div class=\"inner-block\"><a  href=\"https:\/\/blanki.agrofortis.pl\/index.php\/2023\/06\/26\/warminskie-przysmaki\/\">Warmi\u0144skie przysmaki<\/a><\/div><\/h2><div class=\"wpr-grid-item-excerpt elementor-repeater-item-c691692 wpr-grid-item-display-block wpr-grid-item-align-left\"><div class=\"inner-block\"><p>Warmi\u0144skie przysmaki Powr\u00f3t Warmia szczyci si\u0119 nie tylko pi\u0119knymi krajobrazami i bogat\u0105 histori\u0105, ale r\u00f3wnie\u017c ma w zanadrzu kulinarne bum.&hellip;<\/p><\/div><\/div><div class=\"wpr-grid-item-read-more elementor-repeater-item-d001e0b wpr-grid-item-display-block wpr-grid-item-align-left\"><div class=\"inner-block\"><a href=\"https:\/\/blanki.agrofortis.pl\/index.php\/2023\/06\/26\/warminskie-przysmaki\/\" class=\"wpr-button-effect wpr-button-none\"><span>Czytaj wi\u0119cej...<\/span><\/a><\/div><\/div><\/div><\/div><\/article><article class=\"wpr-grid-item elementor-clearfix post-431 post type-post status-publish format-standard has-post-thumbnail hentry category-bez-kategorii\"><div class=\"wpr-grid-item-inner\"><div class=\"wpr-grid-media-wrap wpr-effect-size-medium \" data-overlay-link=\"yes\"><div class=\"wpr-grid-image-wrap\" data-src=\"https:\/\/blanki.agrofortis.pl\/wp-content\/uploads\/2023\/06\/Kopia-CZY-WARTO-INWESTOWAC-W-ZIEMIE-1000-x-300-px-13.png\"><img decoding=\"async\" src=\"https:\/\/blanki.agrofortis.pl\/wp-content\/uploads\/2023\/06\/Kopia-CZY-WARTO-INWESTOWAC-W-ZIEMIE-1000-x-300-px-13.png\" alt=\"Warmia &#8211; stolica historii\" class=\"wpr-anim-timing-ease-default\"><\/div><div class=\"wpr-grid-media-hover wpr-animation-wrap\"><div class=\"wpr-grid-media-hover-bg  wpr-overlay-fade-in wpr-anim-size-large wpr-anim-timing-ease-default wpr-anim-transparency\" data-url=\"https:\/\/blanki.agrofortis.pl\/index.php\/2023\/06\/26\/warmia-stolica-historii\/\"><\/div><\/div><\/div><div class=\"wpr-grid-item-below-content elementor-clearfix\"><h2 class=\"wpr-grid-item-title elementor-repeater-item-4684c5b wpr-grid-item-display-block wpr-grid-item-align-left wpr-pointer-none wpr-pointer-line-fx wpr-pointer-fx-fade\"><div class=\"inner-block\"><a  href=\"https:\/\/blanki.agrofortis.pl\/index.php\/2023\/06\/26\/warmia-stolica-historii\/\">Warmia &#8211; stolica historii<\/a><\/div><\/h2><div class=\"wpr-grid-item-excerpt elementor-repeater-item-c691692 wpr-grid-item-display-block wpr-grid-item-align-left\"><div class=\"inner-block\"><p>Warmia &#8211; stolica historii Powr\u00f3t Warmia sk\u0142ada si\u0119 z 12 historycznych miast, kt\u00f3rych przesz\u0142o\u015b\u0107 si\u0119ga czas\u00f3w wojny polsko-krzy\u017cackiej. Region ten&hellip;<\/p><\/div><\/div><div class=\"wpr-grid-item-read-more elementor-repeater-item-d001e0b wpr-grid-item-display-block wpr-grid-item-align-left\"><div class=\"inner-block\"><a href=\"https:\/\/blanki.agrofortis.pl\/index.php\/2023\/06\/26\/warmia-stolica-historii\/\" class=\"wpr-button-effect wpr-button-none\"><span>Czytaj wi\u0119cej...<\/span><\/a><\/div><\/div><\/div><\/div><\/article><article class=\"wpr-grid-item elementor-clearfix post-424 post type-post status-publish format-standard has-post-thumbnail hentry category-bez-kategorii\"><div class=\"wpr-grid-item-inner\"><div class=\"wpr-grid-media-wrap wpr-effect-size-medium \" data-overlay-link=\"yes\"><div class=\"wpr-grid-image-wrap\" data-src=\"https:\/\/blanki.agrofortis.pl\/wp-content\/uploads\/2023\/06\/Kopia-CZY-WARTO-INWESTOWAC-W-ZIEMIE-1000-x-300-px-12.png\"><img decoding=\"async\" src=\"https:\/\/blanki.agrofortis.pl\/wp-content\/uploads\/2023\/06\/Kopia-CZY-WARTO-INWESTOWAC-W-ZIEMIE-1000-x-300-px-12.png\" alt=\"Czy warto inwestowa\u0107 w ziemi\u0119?\" class=\"wpr-anim-timing-ease-default\"><\/div><div class=\"wpr-grid-media-hover wpr-animation-wrap\"><div class=\"wpr-grid-media-hover-bg  wpr-overlay-fade-in wpr-anim-size-large wpr-anim-timing-ease-default wpr-anim-transparency\" data-url=\"https:\/\/blanki.agrofortis.pl\/index.php\/2023\/06\/26\/czy-warto-inwestowac-w-ziemie-2\/\"><\/div><\/div><\/div><div class=\"wpr-grid-item-below-content elementor-clearfix\"><h2 class=\"wpr-grid-item-title elementor-repeater-item-4684c5b wpr-grid-item-display-block wpr-grid-item-align-left wpr-pointer-none wpr-pointer-line-fx wpr-pointer-fx-fade\"><div class=\"inner-block\"><a  href=\"https:\/\/blanki.agrofortis.pl\/index.php\/2023\/06\/26\/czy-warto-inwestowac-w-ziemie-2\/\">Czy warto inwestowa\u0107 w ziemi\u0119?<\/a><\/div><\/h2><div class=\"wpr-grid-item-excerpt elementor-repeater-item-c691692 wpr-grid-item-display-block wpr-grid-item-align-left\"><div class=\"inner-block\"><p>Czy warto inwestowa\u0107 w ziemi\u0119? Powr\u00f3t Inwestycja w grunty jest stabiln\u0105 opcj\u0105 do budowania maj\u0105tku. Warto zainwestowa\u0107 w ziemi\u0119 przy&hellip;<\/p><\/div><\/div><div class=\"wpr-grid-item-read-more elementor-repeater-item-d001e0b wpr-grid-item-display-block wpr-grid-item-align-left\"><div class=\"inner-block\"><a href=\"https:\/\/blanki.agrofortis.pl\/index.php\/2023\/06\/26\/czy-warto-inwestowac-w-ziemie-2\/\" class=\"wpr-button-effect wpr-button-none\"><span>Czytaj wi\u0119cej...<\/span><\/a><\/div><\/div><\/div><\/div><\/article><article class=\"wpr-grid-item elementor-clearfix post-417 post type-post status-publish format-standard has-post-thumbnail hentry category-bez-kategorii\"><div class=\"wpr-grid-item-inner\"><div class=\"wpr-grid-media-wrap wpr-effect-size-medium \" data-overlay-link=\"yes\"><div class=\"wpr-grid-image-wrap\" data-src=\"https:\/\/blanki.agrofortis.pl\/wp-content\/uploads\/2023\/06\/Kopia-CZY-WARTO-INWESTOWAC-W-ZIEMIE-1000-x-300-px-11.png\"><img decoding=\"async\" src=\"https:\/\/blanki.agrofortis.pl\/wp-content\/uploads\/2023\/06\/Kopia-CZY-WARTO-INWESTOWAC-W-ZIEMIE-1000-x-300-px-11.png\" alt=\"Rowerem przez Mazury\" class=\"wpr-anim-timing-ease-default\"><\/div><div class=\"wpr-grid-media-hover wpr-animation-wrap\"><div class=\"wpr-grid-media-hover-bg  wpr-overlay-fade-in wpr-anim-size-large wpr-anim-timing-ease-default wpr-anim-transparency\" data-url=\"https:\/\/blanki.agrofortis.pl\/index.php\/2023\/06\/26\/rowerem-przez-mazury\/\"><\/div><\/div><\/div><div class=\"wpr-grid-item-below-content elementor-clearfix\"><h2 class=\"wpr-grid-item-title elementor-repeater-item-4684c5b wpr-grid-item-display-block wpr-grid-item-align-left wpr-pointer-none wpr-pointer-line-fx wpr-pointer-fx-fade\"><div class=\"inner-block\"><a  href=\"https:\/\/blanki.agrofortis.pl\/index.php\/2023\/06\/26\/rowerem-przez-mazury\/\">Rowerem przez Mazury<\/a><\/div><\/h2><div class=\"wpr-grid-item-excerpt elementor-repeater-item-c691692 wpr-grid-item-display-block wpr-grid-item-align-left\"><div class=\"inner-block\"><p>Rowerem przez Mazury Powr\u00f3t Na mazurach licz\u0105 si\u0119 nie tylko \u017cagle i kajaki. Mo\u017cna si\u0119 tutaj odnale\u017a\u0107 r\u00f3wnie\u017c na dw\u00f3ch&hellip;<\/p><\/div><\/div><div class=\"wpr-grid-item-read-more elementor-repeater-item-d001e0b wpr-grid-item-display-block wpr-grid-item-align-left\"><div class=\"inner-block\"><a href=\"https:\/\/blanki.agrofortis.pl\/index.php\/2023\/06\/26\/rowerem-przez-mazury\/\" class=\"wpr-button-effect wpr-button-none\"><span>Czytaj wi\u0119cej...<\/span><\/a><\/div><\/div><\/div><\/div><\/article><article class=\"wpr-grid-item elementor-clearfix post-410 post type-post status-publish format-standard has-post-thumbnail hentry category-bez-kategorii\"><div class=\"wpr-grid-item-inner\"><div class=\"wpr-grid-media-wrap wpr-effect-size-medium \" data-overlay-link=\"yes\"><div class=\"wpr-grid-image-wrap\" data-src=\"https:\/\/blanki.agrofortis.pl\/wp-content\/uploads\/2023\/06\/Kopia-CZY-WARTO-INWESTOWAC-W-ZIEMIE-1000-x-300-px-10.png\"><img decoding=\"async\" src=\"https:\/\/blanki.agrofortis.pl\/wp-content\/uploads\/2023\/06\/Kopia-CZY-WARTO-INWESTOWAC-W-ZIEMIE-1000-x-300-px-10.png\" alt=\"Szlak Wielkich Jezior Mazurskich\" class=\"wpr-anim-timing-ease-default\"><\/div><div class=\"wpr-grid-media-hover wpr-animation-wrap\"><div class=\"wpr-grid-media-hover-bg  wpr-overlay-fade-in wpr-anim-size-large wpr-anim-timing-ease-default wpr-anim-transparency\" data-url=\"https:\/\/blanki.agrofortis.pl\/index.php\/2023\/06\/26\/szlak-wielkich-jezior-mazurskich-2\/\"><\/div><\/div><\/div><div class=\"wpr-grid-item-below-content elementor-clearfix\"><h2 class=\"wpr-grid-item-title elementor-repeater-item-4684c5b wpr-grid-item-display-block wpr-grid-item-align-left wpr-pointer-none wpr-pointer-line-fx wpr-pointer-fx-fade\"><div class=\"inner-block\"><a  href=\"https:\/\/blanki.agrofortis.pl\/index.php\/2023\/06\/26\/szlak-wielkich-jezior-mazurskich-2\/\">Szlak Wielkich Jezior Mazurskich<\/a><\/div><\/h2><div class=\"wpr-grid-item-excerpt elementor-repeater-item-c691692 wpr-grid-item-display-block wpr-grid-item-align-left\"><div class=\"inner-block\"><p>Szlak Wielkich Jezior Mazurskich Powr\u00f3t Szlak Wielkich Jezior Mazurskich to prawdopodobnie najs\u0142ynniejsza atrakcja Warmii i Mazur. Szlak ten sk\u0142ada si\u0119&hellip;<\/p><\/div><\/div><div class=\"wpr-grid-item-read-more elementor-repeater-item-d001e0b wpr-grid-item-display-block wpr-grid-item-align-left\"><div class=\"inner-block\"><a href=\"https:\/\/blanki.agrofortis.pl\/index.php\/2023\/06\/26\/szlak-wielkich-jezior-mazurskich-2\/\" class=\"wpr-button-effect wpr-button-none\"><span>Czytaj wi\u0119cej...<\/span><\/a><\/div><\/div><\/div><\/div><\/article><article class=\"wpr-grid-item elementor-clearfix post-403 post type-post status-publish format-standard has-post-thumbnail hentry category-bez-kategorii\"><div class=\"wpr-grid-item-inner\"><div class=\"wpr-grid-media-wrap wpr-effect-size-medium \" data-overlay-link=\"yes\"><div class=\"wpr-grid-image-wrap\" data-src=\"https:\/\/blanki.agrofortis.pl\/wp-content\/uploads\/2023\/06\/Kopia-CZY-WARTO-INWESTOWAC-W-ZIEMIE-1000-x-300-px-9.png\"><img decoding=\"async\" src=\"https:\/\/blanki.agrofortis.pl\/wp-content\/uploads\/2023\/06\/Kopia-CZY-WARTO-INWESTOWAC-W-ZIEMIE-1000-x-300-px-9.png\" alt=\"Jezioro \u015aniardwy &#8211; per\u0142a Krainy Wielkich Jezior Mazurskich\" class=\"wpr-anim-timing-ease-default\"><\/div><div class=\"wpr-grid-media-hover wpr-animation-wrap\"><div class=\"wpr-grid-media-hover-bg  wpr-overlay-fade-in wpr-anim-size-large wpr-anim-timing-ease-default wpr-anim-transparency\" data-url=\"https:\/\/blanki.agrofortis.pl\/index.php\/2023\/06\/26\/jezioro-sniardwy-perla-krainy-wielkich-jezior-mazurskich\/\"><\/div><\/div><\/div><div class=\"wpr-grid-item-below-content elementor-clearfix\"><h2 class=\"wpr-grid-item-title elementor-repeater-item-4684c5b wpr-grid-item-display-block wpr-grid-item-align-left wpr-pointer-none wpr-pointer-line-fx wpr-pointer-fx-fade\"><div class=\"inner-block\"><a  href=\"https:\/\/blanki.agrofortis.pl\/index.php\/2023\/06\/26\/jezioro-sniardwy-perla-krainy-wielkich-jezior-mazurskich\/\">Jezioro \u015aniardwy &#8211; per\u0142a Krainy Wielkich Jezior Mazurskich<\/a><\/div><\/h2><div class=\"wpr-grid-item-excerpt elementor-repeater-item-c691692 wpr-grid-item-display-block wpr-grid-item-align-left\"><div class=\"inner-block\"><p>Jezioro \u015aniardwy &#8211; per\u0142a Krainy Wielkich Jezior Mazurskich Powr\u00f3t Warmia i Mazury, cho\u0107 zwana Krain\u0105 Tysi\u0105ca Jezior, w rzeczywisto\u015bci sk\u0142ada&hellip;<\/p><\/div><\/div><div class=\"wpr-grid-item-read-more elementor-repeater-item-d001e0b wpr-grid-item-display-block wpr-grid-item-align-left\"><div class=\"inner-block\"><a href=\"https:\/\/blanki.agrofortis.pl\/index.php\/2023\/06\/26\/jezioro-sniardwy-perla-krainy-wielkich-jezior-mazurskich\/\" class=\"wpr-button-effect wpr-button-none\"><span>Czytaj wi\u0119cej...<\/span><\/a><\/div><\/div><\/div><\/div><\/article><article class=\"wpr-grid-item elementor-clearfix post-396 post type-post status-publish format-standard has-post-thumbnail hentry category-bez-kategorii\"><div class=\"wpr-grid-item-inner\"><div class=\"wpr-grid-media-wrap wpr-effect-size-medium \" data-overlay-link=\"yes\"><div class=\"wpr-grid-image-wrap\" data-src=\"https:\/\/blanki.agrofortis.pl\/wp-content\/uploads\/2023\/06\/Kopia-CZY-WARTO-INWESTOWAC-W-ZIEMIE-1000-x-300-px-8.png\"><img decoding=\"async\" src=\"https:\/\/blanki.agrofortis.pl\/wp-content\/uploads\/2023\/06\/Kopia-CZY-WARTO-INWESTOWAC-W-ZIEMIE-1000-x-300-px-8.png\" alt=\"Domy z kontener\u00f3w\" class=\"wpr-anim-timing-ease-default\"><\/div><div class=\"wpr-grid-media-hover wpr-animation-wrap\"><div class=\"wpr-grid-media-hover-bg  wpr-overlay-fade-in wpr-anim-size-large wpr-anim-timing-ease-default wpr-anim-transparency\" data-url=\"https:\/\/blanki.agrofortis.pl\/index.php\/2023\/06\/26\/domy-z-kontenerow\/\"><\/div><\/div><\/div><div class=\"wpr-grid-item-below-content elementor-clearfix\"><h2 class=\"wpr-grid-item-title elementor-repeater-item-4684c5b wpr-grid-item-display-block wpr-grid-item-align-left wpr-pointer-none wpr-pointer-line-fx wpr-pointer-fx-fade\"><div class=\"inner-block\"><a  href=\"https:\/\/blanki.agrofortis.pl\/index.php\/2023\/06\/26\/domy-z-kontenerow\/\">Domy z kontener\u00f3w<\/a><\/div><\/h2><div class=\"wpr-grid-item-excerpt elementor-repeater-item-c691692 wpr-grid-item-display-block wpr-grid-item-align-left\"><div class=\"inner-block\"><p>Domy z kontener\u00f3w Powr\u00f3t Domy z kontener\u00f3w s\u0105 nowoczesn\u0105 alternatyw\u0105 dla tradycyjnego budownictwa.Mo\u017cna je przeznaczy\u0107 na: standardowy dom jednorodzinny; domy&hellip;<\/p><\/div><\/div><div class=\"wpr-grid-item-read-more elementor-repeater-item-d001e0b wpr-grid-item-display-block wpr-grid-item-align-left\"><div class=\"inner-block\"><a href=\"https:\/\/blanki.agrofortis.pl\/index.php\/2023\/06\/26\/domy-z-kontenerow\/\" class=\"wpr-button-effect wpr-button-none\"><span>Czytaj wi\u0119cej...<\/span><\/a><\/div><\/div><\/div><\/div><\/article><article class=\"wpr-grid-item elementor-clearfix post-389 post type-post status-publish format-standard has-post-thumbnail hentry category-bez-kategorii\"><div class=\"wpr-grid-item-inner\"><div class=\"wpr-grid-media-wrap wpr-effect-size-medium \" data-overlay-link=\"yes\"><div class=\"wpr-grid-image-wrap\" data-src=\"https:\/\/blanki.agrofortis.pl\/wp-content\/uploads\/2023\/06\/Kopia-CZY-WARTO-INWESTOWAC-W-ZIEMIE-1000-x-300-px-7.png\"><img decoding=\"async\" src=\"https:\/\/blanki.agrofortis.pl\/wp-content\/uploads\/2023\/06\/Kopia-CZY-WARTO-INWESTOWAC-W-ZIEMIE-1000-x-300-px-7.png\" alt=\"Zabytki Warmii i Mazur\" class=\"wpr-anim-timing-ease-default\"><\/div><div class=\"wpr-grid-media-hover wpr-animation-wrap\"><div class=\"wpr-grid-media-hover-bg  wpr-overlay-fade-in wpr-anim-size-large wpr-anim-timing-ease-default wpr-anim-transparency\" data-url=\"https:\/\/blanki.agrofortis.pl\/index.php\/2023\/06\/26\/zabytki-warmii-i-mazur\/\"><\/div><\/div><\/div><div class=\"wpr-grid-item-below-content elementor-clearfix\"><h2 class=\"wpr-grid-item-title elementor-repeater-item-4684c5b wpr-grid-item-display-block wpr-grid-item-align-left wpr-pointer-none wpr-pointer-line-fx wpr-pointer-fx-fade\"><div class=\"inner-block\"><a  href=\"https:\/\/blanki.agrofortis.pl\/index.php\/2023\/06\/26\/zabytki-warmii-i-mazur\/\">Zabytki Warmii i Mazur<\/a><\/div><\/h2><div class=\"wpr-grid-item-excerpt elementor-repeater-item-c691692 wpr-grid-item-display-block wpr-grid-item-align-left\"><div class=\"inner-block\"><p>Zabytki Warmii i Mazur Powr\u00f3t Zabytki na Warmii i Mazurach s\u0105 idealne dla historyk\u00f3w, ale tak\u017ce ludzi, kt\u00f3rzy zwyczajnie chc\u0105&hellip;<\/p><\/div><\/div><div class=\"wpr-grid-item-read-more elementor-repeater-item-d001e0b wpr-grid-item-display-block wpr-grid-item-align-left\"><div class=\"inner-block\"><a href=\"https:\/\/blanki.agrofortis.pl\/index.php\/2023\/06\/26\/zabytki-warmii-i-mazur\/\" class=\"wpr-button-effect wpr-button-none\"><span>Czytaj wi\u0119cej...<\/span><\/a><\/div><\/div><\/div><\/div><\/article><article class=\"wpr-grid-item elementor-clearfix post-382 post type-post status-publish format-standard has-post-thumbnail hentry category-bez-kategorii\"><div class=\"wpr-grid-item-inner\"><div class=\"wpr-grid-media-wrap wpr-effect-size-medium \" data-overlay-link=\"yes\"><div class=\"wpr-grid-image-wrap\" data-src=\"https:\/\/blanki.agrofortis.pl\/wp-content\/uploads\/2023\/06\/Kopia-CZY-WARTO-INWESTOWAC-W-ZIEMIE-1000-x-300-px-6.png\"><img decoding=\"async\" src=\"https:\/\/blanki.agrofortis.pl\/wp-content\/uploads\/2023\/06\/Kopia-CZY-WARTO-INWESTOWAC-W-ZIEMIE-1000-x-300-px-6.png\" alt=\"Lidzbark Warmi\u0144ski &#8211; per\u0142a Warmii\" class=\"wpr-anim-timing-ease-default\"><\/div><div class=\"wpr-grid-media-hover wpr-animation-wrap\"><div class=\"wpr-grid-media-hover-bg  wpr-overlay-fade-in wpr-anim-size-large wpr-anim-timing-ease-default wpr-anim-transparency\" data-url=\"https:\/\/blanki.agrofortis.pl\/index.php\/2023\/06\/26\/lidzbark-warminski-perla-warmii\/\"><\/div><\/div><\/div><div class=\"wpr-grid-item-below-content elementor-clearfix\"><h2 class=\"wpr-grid-item-title elementor-repeater-item-4684c5b wpr-grid-item-display-block wpr-grid-item-align-left wpr-pointer-none wpr-pointer-line-fx wpr-pointer-fx-fade\"><div class=\"inner-block\"><a  href=\"https:\/\/blanki.agrofortis.pl\/index.php\/2023\/06\/26\/lidzbark-warminski-perla-warmii\/\">Lidzbark Warmi\u0144ski &#8211; per\u0142a Warmii<\/a><\/div><\/h2><div class=\"wpr-grid-item-excerpt elementor-repeater-item-c691692 wpr-grid-item-display-block wpr-grid-item-align-left\"><div class=\"inner-block\"><p>Lidzbark Warmi\u0144ski &#8211; per\u0142a Warmii Powr\u00f3t Tak okre\u015blana by\u0142a miejscowo\u015b\u0107, kt\u00f3ra niegdy\u015b by\u0142\u0105 stolic\u0105 Warmii i Mazur. Na terenach, na&hellip;<\/p><\/div><\/div><div class=\"wpr-grid-item-read-more elementor-repeater-item-d001e0b wpr-grid-item-display-block wpr-grid-item-align-left\"><div class=\"inner-block\"><a href=\"https:\/\/blanki.agrofortis.pl\/index.php\/2023\/06\/26\/lidzbark-warminski-perla-warmii\/\" class=\"wpr-button-effect wpr-button-none\"><span>Czytaj wi\u0119cej...<\/span><\/a><\/div><\/div><\/div><\/div><\/article><\/section><div class=\"wpr-grid-pagination elementor-clearfix wpr-grid-pagination-load-more\"><a href=\"https:\/\/blanki.agrofortis.pl\/index.php\/wp-json\/wp\/v2\/pages\/317\/page\/2\/\" class=\"wpr-load-more-btn\" data-e-disable-page-transition >Poka\u017c wi\u0119cej<\/a><div class=\"wpr-pagination-loading\"><div class=\"wpr-three-bounce\"><div class=\"wpr-child wpr-bounce1\"><\/div><div class=\"wpr-child wpr-bounce2\"><\/div><div class=\"wpr-child wpr-bounce3\"><\/div><\/div><\/div><p class=\"wpr-pagination-finish\">Koniec<\/p><\/div>\t\t<\/div>\n\t\t\t\t<\/div>\n\t\t\t\t\t<\/div>\n\t\t<\/div>\n\t\t\t\t\t\t\t<\/div>\n\t\t<\/section>\n\t\t\t\t\t\t\t<\/div>\n\t\t","protected":false},"excerpt":{"rendered":"<p>Procedura nabycia ziemi rolnej w Polsce Procedura nabycia ziemi rolnej w Polsce Powr\u00f3t Nabycie ziemi rolnej w Polsce, nie b\u0119d\u0105c rolnikiem, mo\u017ce spotka\u0107 si\u0119 z wieloma&hellip; Czytaj wi\u0119cej&#8230; Wielkie Jeziora Mazurskie Wielkie Jeziora Mazurskie Powr\u00f3t Kraina Wielkich Jezior Mazurskich&nbsp;jest nadzwyczajnym miejscem w Europie. Osza\u0142amia bogactwem przyrodniczym, w tym faun\u0105 i flor\u0105,&hellip; Czytaj wi\u0119cej&#8230; Olsztyn &#8211; &hellip;<\/p>\n<p class=\"read-more\"> <a class=\"\" href=\"https:\/\/blanki.agrofortis.pl\/index.php\/2023\/06\/26\/lidzbark-warminski-perla-warmii\/\"> <span class=\"screen-reader-text\">Lidzbark Warmi\u0144ski &#8211; per\u0142a Warmii<\/span> Read More &raquo;<\/a><\/p>\n","protected":false},"author":1,"featured_media":0,"parent":0,"menu_order":0,"comment_status":"closed","ping_status":"closed","template":"","meta":{"site-sidebar-layout":"no-sidebar","site-content-layout":"page-builder","ast-global-header-display":"","ast-main-header-display":"","ast-hfb-above-header-display":"","ast-hfb-below-header-display":"","ast-hfb-mobile-header-display":"","site-post-title":"disabled","ast-breadcrumbs-content":"","ast-featured-img":"disabled","footer-sml-layout":"","theme-transparent-header-meta":"","adv-header-id-meta":"","stick-header-meta":"","header-above-stick-meta":"","header-main-stick-meta":"","header-below-stick-meta":""},"_links":{"self":[{"href":"https:\/\/blanki.agrofortis.pl\/index.php\/wp-json\/wp\/v2\/pages\/317"}],"collection":[{"href":"https:\/\/blanki.agrofortis.pl\/index.php\/wp-json\/wp\/v2\/pages"}],"about":[{"href":"https:\/\/blanki.agrofortis.pl\/index.php\/wp-json\/wp\/v2\/types\/page"}],"author":[{"embeddable":true,"href":"https:\/\/blanki.agrofortis.pl\/index.php\/wp-json\/wp\/v2\/users\/1"}],"replies":[{"embeddable":true,"href":"https:\/\/blanki.agrofortis.pl\/index.php\/wp-json\/wp\/v2\/comments?post=317"}],"version-history":[{"count":4,"href":"https:\/\/blanki.agrofortis.pl\/index.php\/wp-json\/wp\/v2\/pages\/317\/revisions"}],"predecessor-version":[{"id":321,"href":"https:\/\/blanki.agrofortis.pl\/index.php\/wp-json\/wp\/v2\/pages\/317\/revisions\/321"}],"wp:attachment":[{"href":"https:\/\/blanki.agrofortis.pl\/index.php\/wp-json\/wp\/v2\/media?parent=317"}],"curies":[{"name":"wp","href":"https:\/\/api.w.org\/{rel}","templated":true}]}}